{"id":2927,"date":"2022-09-01T15:05:14","date_gmt":"2022-09-01T15:05:14","guid":{"rendered":"https:\/\/logosonrisas.es\/?page_id=2927"},"modified":"2022-09-01T15:17:24","modified_gmt":"2022-09-01T15:17:24","slug":"politica-de-cookies","status":"publish","type":"page","link":"https:\/\/logosonrisas.es\/index.php\/politica-de-cookies\/","title":{"rendered":"Pol\u00edtica de cookies"},"content":{"rendered":"\t\t<div data-elementor-type=\"wp-page\" data-elementor-id=\"2927\" class=\"elementor elementor-2927\">\n\t\t\t\t\t\t<section class=\"elementor-section elementor-top-section elementor-element elementor-element-e3a2670 elementor-section-boxed elementor-section-height-default elementor-section-height-default\" data-id=\"e3a2670\" data-element_type=\"section\" data-e-type=\"section\">\n\t\t\t\t\t\t<div class=\"elementor-container elementor-column-gap-default\">\n\t\t\t\t\t<div class=\"elementor-column elementor-col-50 elementor-top-column elementor-element elementor-element-9a47a44\" data-id=\"9a47a44\" data-element_type=\"column\" data-e-type=\"column\">\n\t\t\t<div class=\"elementor-widget-wrap\">\n\t\t\t\t\t\t\t<\/div>\n\t\t<\/div>\n\t\t\t\t<div class=\"elementor-column elementor-col-50 elementor-top-column elementor-element elementor-element-fb2c410\" data-id=\"fb2c410\" data-element_type=\"column\" data-e-type=\"column\">\n\t\t\t<div class=\"elementor-widget-wrap elementor-element-populated\">\n\t\t\t\t\t\t<div class=\"elementor-element elementor-element-4066064 elementor-widget elementor-widget-image\" data-id=\"4066064\" data-element_type=\"widget\" data-e-type=\"widget\" data-widget_type=\"image.default\">\n\t\t\t\t<div class=\"elementor-widget-container\">\n\t\t\t\t\t\t\t\t\t\t\t\t\t\t\t<img fetchpriority=\"high\" decoding=\"async\" width=\"800\" height=\"229\" src=\"https:\/\/logosonrisas.es\/wp-content\/uploads\/2022\/07\/logo-logosonrisas.png\" class=\"attachment-large size-large wp-image-567\" alt=\"Logotipo de logosonrisas\" srcset=\"https:\/\/logosonrisas.es\/wp-content\/uploads\/2022\/07\/logo-logosonrisas.png 1000w, https:\/\/logosonrisas.es\/wp-content\/uploads\/2022\/07\/logo-logosonrisas-300x86.png 300w, https:\/\/logosonrisas.es\/wp-content\/uploads\/2022\/07\/logo-logosonrisas-768x220.png 768w\" sizes=\"(max-width: 800px) 100vw, 800px\" \/>\t\t\t\t\t\t\t\t\t\t\t\t\t\t\t<\/div>\n\t\t\t\t<\/div>\n\t\t\t\t\t<\/div>\n\t\t<\/div>\n\t\t\t\t\t<\/div>\n\t\t<\/section>\n\t\t\t\t<section class=\"elementor-section elementor-top-section elementor-element elementor-element-34c4541 elementor-section-boxed elementor-section-height-default elementor-section-height-default\" data-id=\"34c4541\" data-element_type=\"section\" data-e-type=\"section\">\n\t\t\t\t\t\t<div class=\"elementor-container elementor-column-gap-default\">\n\t\t\t\t\t<div class=\"elementor-column elementor-col-100 elementor-top-column elementor-element elementor-element-acfce7c\" data-id=\"acfce7c\" data-element_type=\"column\" data-e-type=\"column\">\n\t\t\t<div class=\"elementor-widget-wrap elementor-element-populated\">\n\t\t\t\t\t\t<div class=\"elementor-element elementor-element-3c7d834 elementor-widget elementor-widget-text-editor\" data-id=\"3c7d834\" data-element_type=\"widget\" data-e-type=\"widget\" data-widget_type=\"text-editor.default\">\n\t\t\t\t<div class=\"elementor-widget-container\">\n\t\t\t\t\t\t\t\t\t<h1>POL\u00cdTICA DE COOKIES<\/h1>\n<p><br><\/p>\n<h3>\u00bfQu\u00e9 son las cookies?<\/h3>\n<p>En ingl\u00e9s, el t\u00e9rmino \u201ccookie\u201d significa galleta, pero en el \u00e1mbito de la navegaci\u00f3n web, una<\/p>\n<p>\u201ccookie\u201d es algo completamente distinto.<\/p>\n<p>Cuando accedes a nuestra web, en el navegador de tu dispositivo se almacena una peque\u00f1a cantidad de<\/p>\n<p>texto que se denomina \u201ccookie\u201d. Este texto contiene informaci\u00f3n variada sobre tu navegaci\u00f3n,<\/p>\n<p>h\u00e1bitos, preferencias, personalizaciones de contenidos, etc&#8230;<\/p>\n<p>Existen otras tecnolog\u00edas que funcionan de manera similar y que tambi\u00e9n se usan para recopilar datos<\/p>\n<p>sobre tu actividad de navegaci\u00f3n. Llamaremos \u201ccookies\u201d a todas estas tecnolog\u00edas en su<\/p>\n<p>conjunto.<\/p>\n<p>Los usos concretos que hacemos de estas tecnolog\u00edas se describen en el presente documento.<\/p>\n<p><br><\/p>\n<h3>\u00bfPara qu\u00e9 se utilizan las cookies en esta web?<\/h3>\n<p><br><\/p>\n<p>Las cookies son una parte esencial de c\u00f3mo funciona nuestro sitio web. El objetivo principal de nuestras<\/p>\n<p>cookies es mejorar tu experiencia en la navegaci\u00f3n. Por ejemplo, para recordar tus preferencias (idioma,<\/p>\n<p>pa\u00eds, etc.) durante la navegaci\u00f3n y en futuras visitas. La informaci\u00f3n recogida en las cookies nos<\/p>\n<p>permite adem\u00e1s mejorar la web, adaptarla a tus intereses como usuario, acelerar las b\u00fasquedas que<\/p>\n<p>realices, etc..<\/p>\n<p>En determinados casos, si hemos obtenido tu previo consentimiento informado, podremos utilizar cookies&nbsp;<span style=\"background-color: var( --e-global-color-5daae3fe ); letter-spacing: 0px;\">para otros usos, como por ejemplo para obtener informaci\u00f3n que nos permita mostrarte publicidad basada<\/span><\/p>\n<p>en el an\u00e1lisis de tus h\u00e1bitos de navegaci\u00f3n.<\/p>\n<p><br><\/p>\n<h3>\u00bfPara qu\u00e9 NO se utilizan las cookies en esta web?<\/h3>\n<p><br><\/p>\n<p>En las cookies que utilizamos no se almacena informaci\u00f3n sensible de identificaci\u00f3n personal como tu<\/p>\n<p>nombre, direcci\u00f3n, tu contrase\u00f1a, etc&#8230;<\/p>\n<p><br><\/p>\n<h3>\u00bfQui\u00e9n utiliza la informaci\u00f3n almacenada en las cookies?<\/h3>\n<p><br><\/p>\n<p>La informaci\u00f3n almacenada en las cookies de nuestro sitio web es utilizada exclusivamente por nosotros,<\/p>\n<p>a excepci\u00f3n de aquellas identificadas m\u00e1s adelante como &#8216;cookie de terceros&#8217;, que son utilizadas y<\/p>\n<p>gestionadas por entidades externas que nos proporcionan servicios que mejoran la experiencia del<\/p>\n<p>usuario. Por ejemplo las estad\u00edsticas que se recogen sobre el n\u00famero de visitas, el contenido que m\u00e1s<\/p>\n<p>gusta, etc&#8230; lo suele gestionar GOOGLE ANALYTICS .<\/p>\n<p>Las cookies de terceros tambi\u00e9n se suelen utilizar para garantizar las operaciones de pago realizadas a<\/p>\n<p>trav\u00e9s de la web.<\/p>\n<p><br><\/p>\n<h3>\u00bfC\u00f3mo puedo evitar el uso de cookies en este sitio web?<\/h3>\n<p><br><\/p>\n<p>Si prefieres evitar el uso de las cookies, puedes RECHAZAR su uso o puedes CONFIGURAR las que<\/p>\n<p>quieres evitar y las que permites utilizar (en este documento te damos informaci\u00f3n ampliada al respecto<\/p>\n<p>de cada tipo de cookie, su finalidad, destinatario, temporalidad, etc&#8230; ).<\/p>\n<p>Si las has aceptado, no volveremos a preguntarte a menos que borres las cookies en tu dispositivo seg\u00fan<\/p>\n<p>se indica en el apartado siguiente.<\/p>\n<p>Si quieres revocar el consentimiento tendr\u00e1s que eliminar las cookies y volver a configurarlas.<\/p>\n<p><br><\/p>\n<h3>\u00bfC\u00f3mo deshabilito y elimino la utilizaci\u00f3n de cookies?<\/h3>\n<p><br><\/p>\n<p>Para restringir, bloquear o borrar las cookies de este sitio web (y las usada por terceros) puedes hacerlo,<\/p>\n<p>en cualquier momento, modificando la configuraci\u00f3n de tu navegador. Ten en cuenta que esta<\/p>\n<p>configuraci\u00f3n es diferente en cada navegador, si bien es habitual encontrar la configuraci\u00f3n de cookies<\/p>\n<p>en el men\u00fa &#8216;Preferencias&#8217; &#8216;Herramientas&#8217; \u201cOpciones\u201d y despu\u00e9s en \u201cPrivacidad y<\/p>\n<p>Seguridad\u201d \u00f3 en \u201cborrar datos de navegaci\u00f3n\u201d, etc&#8230;<\/p>\n<p>Para m\u00e1s detalle sobre la configuraci\u00f3n de las cookies en cada navegador, puedes consultar el men\u00fa<\/p>\n<p>&#8216;Ayuda&#8217; del mismo..<\/p>\n<h3><br>\u00bfQu\u00e9 tipos de cookies se utilizan en esta p\u00e1gina web?<\/h3>\n<p><br><\/p>\n<p>Cada p\u00e1gina web utiliza sus propias cookies. En nuestra web utilizamos las que se indican a<\/p>\n<p>continuaci\u00f3n:<\/p>\n<p><br><\/p>\n<h4>SEG\u00daN LA ENTIDAD QUE LO GESTIONA<\/h4>\n<p><br><\/p>\n<h5>\u2022 Cookies propias:<\/h5>\n<p><span style=\"letter-spacing: 0px; background-color: var( --e-global-color-5daae3fe );\">son aquellas que se env\u00edan al equipo terminal del usuario desde un equipo o dominio gestionado por el<\/span><br><\/p>\n<p>propio editor y desde el que se presta el servicio solicitado por el usuario.<\/p>\n<p><br><\/p>\n<h5>\u2022 Cookies de terceros:<\/h5>\n<p>son aquellas que se env\u00edan al equipo terminal del usuario desde un equipo o dominio que no es<\/p>\n<p>gestionado por el editor, sino por otra entidad que trata los datos obtenidos trav\u00e9s de las cookies.<\/p>\n<p>En el caso de que las cookies sean servidas desde un equipo o dominio gestionado por el propio editor,<\/p>\n<p>pero la informaci\u00f3n que se recoja mediante estas sea gestionada por un tercero, no pueden ser<\/p>\n<p>consideradas como cookies propias si el tercero las utiliza para sus propias finalidades (por ejemplo, la<\/p>\n<p>mejora de los servicios que presta o la prestaci\u00f3n de servicios de car\u00e1cter publicitario a favor de otras<\/p>\n<p>entidades).<\/p>\n<p><br><\/p>\n<h4>SEG\u00daN SU FINALIDAD<\/h4>\n<div><br><\/div>\n<h5>\u2022 Cookies t\u00e9cnicas:<\/h5>\n<p>son aquellas necesarias par<span style=\"letter-spacing: 0px; background-color: var( --e-global-color-5daae3fe );\">a la navegaci\u00f3n y el buen funcionamiento de nuestra p\u00e1gina web, como por<\/span><\/p>\n<p>ejemplo, controlar el tr\u00e1fico y la comunicaci\u00f3n de datos, identificar la sesi\u00f3n, acceder a partes de acceso<\/p>\n<p>restringido, recordar los elementos que integran un pedido, realizar el proceso de compra de un pedido,<\/p>\n<p>gestionar el pago, controlar el fraude vinculado a la seguridad del servicio, realizar la solicitud de<\/p>\n<p>inscripci\u00f3n o participaci\u00f3n en un evento, contar visitas a efectos de la facturaci\u00f3n de licencias del<\/p>\n<p>software con el que funciona el servicio (sitio web, plataforma o aplicaci\u00f3n), utilizar elementos de<\/p>\n<p>seguridad durante la navegaci\u00f3n, almacenar contenidos para la difusi\u00f3n de v\u00eddeos o sonido, habilitar<\/p>\n<p>contenidos din\u00e1micos (por ejemplo, animaci\u00f3n de carga de un texto o imagen) o compartir contenidos a<\/p>\n<p>trav\u00e9s de redes sociales.<\/p>\n<p><br><\/p>\n<h5>\u2022 Cookies de an\u00e1lisis:<\/h5>\n<p>permiten cuantificar el n\u00famero de usuarios y as\u00ed realizar la medici\u00f3n y an\u00e1lisis estad\u00edstico de la<\/p>\n<p>utilizaci\u00f3n que hacen los usuarios del servicio ofertado. Para ello se analiza su navegaci\u00f3n en nuestra<\/p>\n<p>p\u00e1gina web con el fin de mejorar la oferta de productos o servicios que le ofrecemos.<\/p>\n<h5><br>\u2022 Cookies de preferencias o personalizaci\u00f3n:<\/h5>\n\n<p>son aquellas que permiten recordar informaci\u00f3n para que el usuario acceda al servicio con determinadas<\/p>\n<p>caracter\u00edsticas que pueden diferenciar su experiencia de la de otros usuarios, como, por ejemplo, el<\/p>\n<p>idioma, el n\u00famero de resultados a mostrar cuando el usuario realiza una b\u00fasqueda, el aspecto o<\/p>\n<p>contenido del servicio en funci\u00f3n del tipo de navegador a trav\u00e9s del cual el usuario accede al servicio o<\/p>\n<p>de la regi\u00f3n desde la que accede al servicio, etc.<\/p><p><br><\/p>\n<h5>\u2022 Publicitarias comportamentales:<\/h5>\n<p>son aquellas que, tratadas por nosotros o por terceros, nos permiten analizar sus h\u00e1bitos de navegaci\u00f3n<\/p>\n<p>en Internet para que podamos mostrarle publicidad relacionada con su perfil de navegaci\u00f3n.<\/p>\n<p>SEG\u00daN EL PLAZO DE TIEMPO QUE PERMANECEN ACTIVADAS<\/p><p><br><\/p>\n<h5>\u2022 Cookies de sesi\u00f3n:<\/h5>\n<p>son aquellas dise\u00f1adas para recabar y almacenar datos mientras el usuario accede a una p\u00e1gina web.<\/p>\n<p>Se suelen emplear para almacenar informaci\u00f3n que solo interesa conservar para la prestaci\u00f3n del<\/p>\n<p>servicio solicitado por el usuario en una sola ocasi\u00f3n (por ejemplo, una lista de productos adquiridos) y<\/p>\n<p>desaparecen al terminar la sesi\u00f3n.<\/p><p><br><\/p>\n<h5>\u2022 Cookies persistentes:<\/h5>\n<p>son aquellas en las que los datos siguen almacenados en el terminal y pueden ser accedidos y tratados<\/p>\n<p>durante un periodo definido por el responsable de la cookie, y que puede ir de unos minutos a varios<\/p>\n<p>a\u00f1os. A este respecto debe valorarse espec\u00edficamente si es necesaria la utilizaci\u00f3n de cookies<\/p>\n<p>persistentes, puesto que los riesgos para la privacidad podr\u00edan reducirse mediante la utilizaci\u00f3n de<\/p>\n<p>cookies de sesi\u00f3n. En todo caso, cuando se instalen cookies persistentes, se recomienda reducir al<\/p>\n<p>m\u00ednimo necesario su duraci\u00f3n temporal atendiendo a la finalidad de su uso. A estos efectos, el<\/p>\n<p>Dictamen 4\/2012 del GT29 indic\u00f3 que para que una cookie pueda estar exenta del deber de<\/p>\n<p>consentimiento informado, su caducidad debe estar relacionada con su finalidad. Debido a ello, es mucho<\/p>\n<p>m\u00e1s probable que se consideren como exceptuadas las cookies de sesi\u00f3n que las persistentes.<\/p>\n<p>Detalle de cookies utilizadas en esta web:<\/p>\n<p><br><\/p>\n<p><br><\/p>\t\t\t\t\t\t\t\t<\/div>\n\t\t\t\t<\/div>\n\t\t\t\t\t<\/div>\n\t\t<\/div>\n\t\t\t\t\t<\/div>\n\t\t<\/section>\n\t\t\t\t<\/div>\n\t\t","protected":false},"excerpt":{"rendered":"<p>POL\u00cdTICA DE COOKIES \u00bfQu\u00e9 son las cookies? En ingl\u00e9s, el t\u00e9rmino \u201ccookie\u201d significa galleta, pero en el \u00e1mbito de la navegaci\u00f3n web, una \u201ccookie\u201d es algo completamente distinto. Cuando accedes a nuestra web, en el navegador de tu dispositivo se almacena una peque\u00f1a cantidad de texto que se denomina \u201ccookie\u201d. Este texto contiene informaci\u00f3n variada [&hellip;]<\/p>\n","protected":false},"author":1,"featured_media":0,"parent":0,"menu_order":0,"comment_status":"closed","ping_status":"closed","template":"elementor_canvas","meta":{"footnotes":""},"class_list":["post-2927","page","type-page","status-publish","hentry"],"yoast_head":"<!-- This site is optimized with the Yoast SEO plugin v27.4 - https:\/\/yoast.com\/product\/yoast-seo-wordpress\/ -->\n<title>Pol\u00edtica de cookies - Logosonrisas<\/title>\n<meta name=\"robots\" content=\"noindex, nofollow\" \/>\n<meta property=\"og:locale\" content=\"es_ES\" \/>\n<meta property=\"og:type\" content=\"article\" \/>\n<meta property=\"og:title\" content=\"Pol\u00edtica de cookies - Logosonrisas\" \/>\n<meta property=\"og:description\" content=\"POL\u00cdTICA DE COOKIES \u00bfQu\u00e9 son las cookies? En ingl\u00e9s, el t\u00e9rmino \u201ccookie\u201d significa galleta, pero en el \u00e1mbito de la navegaci\u00f3n web, una \u201ccookie\u201d es algo completamente distinto. Cuando accedes a nuestra web, en el navegador de tu dispositivo se almacena una peque\u00f1a cantidad de texto que se denomina \u201ccookie\u201d. Este texto contiene informaci\u00f3n variada [&hellip;]\" \/>\n<meta property=\"og:url\" content=\"https:\/\/logosonrisas.es\/index.php\/politica-de-cookies\/\" \/>\n<meta property=\"og:site_name\" content=\"Logosonrisas\" \/>\n<meta property=\"article:modified_time\" content=\"2022-09-01T15:17:24+00:00\" \/>\n<meta property=\"og:image\" content=\"http:\/\/logosonrisas.es\/wp-content\/uploads\/2022\/07\/logo-logosonrisas.png\" \/>\n<meta name=\"twitter:card\" content=\"summary_large_image\" \/>\n<meta name=\"twitter:label1\" content=\"Tiempo de lectura\" \/>\n\t<meta name=\"twitter:data1\" content=\"6 minutos\" \/>\n<script type=\"application\/ld+json\" class=\"yoast-schema-graph\">{\"@context\":\"https:\\\/\\\/schema.org\",\"@graph\":[{\"@type\":\"WebPage\",\"@id\":\"https:\\\/\\\/logosonrisas.es\\\/index.php\\\/politica-de-cookies\\\/\",\"url\":\"https:\\\/\\\/logosonrisas.es\\\/index.php\\\/politica-de-cookies\\\/\",\"name\":\"Pol\u00edtica de cookies - Logosonrisas\",\"isPartOf\":{\"@id\":\"https:\\\/\\\/logosonrisas.es\\\/#website\"},\"primaryImageOfPage\":{\"@id\":\"https:\\\/\\\/logosonrisas.es\\\/index.php\\\/politica-de-cookies\\\/#primaryimage\"},\"image\":{\"@id\":\"https:\\\/\\\/logosonrisas.es\\\/index.php\\\/politica-de-cookies\\\/#primaryimage\"},\"thumbnailUrl\":\"http:\\\/\\\/logosonrisas.es\\\/wp-content\\\/uploads\\\/2022\\\/07\\\/logo-logosonrisas.png\",\"datePublished\":\"2022-09-01T15:05:14+00:00\",\"dateModified\":\"2022-09-01T15:17:24+00:00\",\"breadcrumb\":{\"@id\":\"https:\\\/\\\/logosonrisas.es\\\/index.php\\\/politica-de-cookies\\\/#breadcrumb\"},\"inLanguage\":\"es\",\"potentialAction\":[{\"@type\":\"ReadAction\",\"target\":[\"https:\\\/\\\/logosonrisas.es\\\/index.php\\\/politica-de-cookies\\\/\"]}]},{\"@type\":\"ImageObject\",\"inLanguage\":\"es\",\"@id\":\"https:\\\/\\\/logosonrisas.es\\\/index.php\\\/politica-de-cookies\\\/#primaryimage\",\"url\":\"https:\\\/\\\/logosonrisas.es\\\/wp-content\\\/uploads\\\/2022\\\/07\\\/logo-logosonrisas.png\",\"contentUrl\":\"https:\\\/\\\/logosonrisas.es\\\/wp-content\\\/uploads\\\/2022\\\/07\\\/logo-logosonrisas.png\",\"width\":1000,\"height\":286,\"caption\":\"Logotipo de logosonrisas\"},{\"@type\":\"BreadcrumbList\",\"@id\":\"https:\\\/\\\/logosonrisas.es\\\/index.php\\\/politica-de-cookies\\\/#breadcrumb\",\"itemListElement\":[{\"@type\":\"ListItem\",\"position\":1,\"name\":\"Portada\",\"item\":\"https:\\\/\\\/logosonrisas.es\\\/\"},{\"@type\":\"ListItem\",\"position\":2,\"name\":\"Pol\u00edtica de cookies\"}]},{\"@type\":\"WebSite\",\"@id\":\"https:\\\/\\\/logosonrisas.es\\\/#website\",\"url\":\"https:\\\/\\\/logosonrisas.es\\\/\",\"name\":\"Logosonrisas\",\"description\":\"Centro especializado en logopedia dirigido a poblaci\u00f3n infanto-juvenil\",\"publisher\":{\"@id\":\"https:\\\/\\\/logosonrisas.es\\\/#organization\"},\"potentialAction\":[{\"@type\":\"SearchAction\",\"target\":{\"@type\":\"EntryPoint\",\"urlTemplate\":\"https:\\\/\\\/logosonrisas.es\\\/?s={search_term_string}\"},\"query-input\":{\"@type\":\"PropertyValueSpecification\",\"valueRequired\":true,\"valueName\":\"search_term_string\"}}],\"inLanguage\":\"es\"},{\"@type\":\"Organization\",\"@id\":\"https:\\\/\\\/logosonrisas.es\\\/#organization\",\"name\":\"Logosonrisas\",\"url\":\"https:\\\/\\\/logosonrisas.es\\\/\",\"logo\":{\"@type\":\"ImageObject\",\"inLanguage\":\"es\",\"@id\":\"https:\\\/\\\/logosonrisas.es\\\/#\\\/schema\\\/logo\\\/image\\\/\",\"url\":\"\",\"contentUrl\":\"\",\"caption\":\"Logosonrisas\"},\"image\":{\"@id\":\"https:\\\/\\\/logosonrisas.es\\\/#\\\/schema\\\/logo\\\/image\\\/\"}}]}<\/script>\n<!-- \/ Yoast SEO plugin. -->","yoast_head_json":{"title":"Pol\u00edtica de cookies - Logosonrisas","robots":{"index":"noindex","follow":"nofollow"},"og_locale":"es_ES","og_type":"article","og_title":"Pol\u00edtica de cookies - Logosonrisas","og_description":"POL\u00cdTICA DE COOKIES \u00bfQu\u00e9 son las cookies? En ingl\u00e9s, el t\u00e9rmino \u201ccookie\u201d significa galleta, pero en el \u00e1mbito de la navegaci\u00f3n web, una \u201ccookie\u201d es algo completamente distinto. Cuando accedes a nuestra web, en el navegador de tu dispositivo se almacena una peque\u00f1a cantidad de texto que se denomina \u201ccookie\u201d. Este texto contiene informaci\u00f3n variada [&hellip;]","og_url":"https:\/\/logosonrisas.es\/index.php\/politica-de-cookies\/","og_site_name":"Logosonrisas","article_modified_time":"2022-09-01T15:17:24+00:00","og_image":[{"url":"http:\/\/logosonrisas.es\/wp-content\/uploads\/2022\/07\/logo-logosonrisas.png","type":"","width":"","height":""}],"twitter_card":"summary_large_image","twitter_misc":{"Tiempo de lectura":"6 minutos"},"schema":{"@context":"https:\/\/schema.org","@graph":[{"@type":"WebPage","@id":"https:\/\/logosonrisas.es\/index.php\/politica-de-cookies\/","url":"https:\/\/logosonrisas.es\/index.php\/politica-de-cookies\/","name":"Pol\u00edtica de cookies - Logosonrisas","isPartOf":{"@id":"https:\/\/logosonrisas.es\/#website"},"primaryImageOfPage":{"@id":"https:\/\/logosonrisas.es\/index.php\/politica-de-cookies\/#primaryimage"},"image":{"@id":"https:\/\/logosonrisas.es\/index.php\/politica-de-cookies\/#primaryimage"},"thumbnailUrl":"http:\/\/logosonrisas.es\/wp-content\/uploads\/2022\/07\/logo-logosonrisas.png","datePublished":"2022-09-01T15:05:14+00:00","dateModified":"2022-09-01T15:17:24+00:00","breadcrumb":{"@id":"https:\/\/logosonrisas.es\/index.php\/politica-de-cookies\/#breadcrumb"},"inLanguage":"es","potentialAction":[{"@type":"ReadAction","target":["https:\/\/logosonrisas.es\/index.php\/politica-de-cookies\/"]}]},{"@type":"ImageObject","inLanguage":"es","@id":"https:\/\/logosonrisas.es\/index.php\/politica-de-cookies\/#primaryimage","url":"https:\/\/logosonrisas.es\/wp-content\/uploads\/2022\/07\/logo-logosonrisas.png","contentUrl":"https:\/\/logosonrisas.es\/wp-content\/uploads\/2022\/07\/logo-logosonrisas.png","width":1000,"height":286,"caption":"Logotipo de logosonrisas"},{"@type":"BreadcrumbList","@id":"https:\/\/logosonrisas.es\/index.php\/politica-de-cookies\/#breadcrumb","itemListElement":[{"@type":"ListItem","position":1,"name":"Portada","item":"https:\/\/logosonrisas.es\/"},{"@type":"ListItem","position":2,"name":"Pol\u00edtica de cookies"}]},{"@type":"WebSite","@id":"https:\/\/logosonrisas.es\/#website","url":"https:\/\/logosonrisas.es\/","name":"Logosonrisas","description":"Centro especializado en logopedia dirigido a poblaci\u00f3n infanto-juvenil","publisher":{"@id":"https:\/\/logosonrisas.es\/#organization"},"potentialAction":[{"@type":"SearchAction","target":{"@type":"EntryPoint","urlTemplate":"https:\/\/logosonrisas.es\/?s={search_term_string}"},"query-input":{"@type":"PropertyValueSpecification","valueRequired":true,"valueName":"search_term_string"}}],"inLanguage":"es"},{"@type":"Organization","@id":"https:\/\/logosonrisas.es\/#organization","name":"Logosonrisas","url":"https:\/\/logosonrisas.es\/","logo":{"@type":"ImageObject","inLanguage":"es","@id":"https:\/\/logosonrisas.es\/#\/schema\/logo\/image\/","url":"","contentUrl":"","caption":"Logosonrisas"},"image":{"@id":"https:\/\/logosonrisas.es\/#\/schema\/logo\/image\/"}}]}},"_links":{"self":[{"href":"https:\/\/logosonrisas.es\/index.php\/wp-json\/wp\/v2\/pages\/2927","targetHints":{"allow":["GET"]}}],"collection":[{"href":"https:\/\/logosonrisas.es\/index.php\/wp-json\/wp\/v2\/pages"}],"about":[{"href":"https:\/\/logosonrisas.es\/index.php\/wp-json\/wp\/v2\/types\/page"}],"author":[{"embeddable":true,"href":"https:\/\/logosonrisas.es\/index.php\/wp-json\/wp\/v2\/users\/1"}],"replies":[{"embeddable":true,"href":"https:\/\/logosonrisas.es\/index.php\/wp-json\/wp\/v2\/comments?post=2927"}],"version-history":[{"count":8,"href":"https:\/\/logosonrisas.es\/index.php\/wp-json\/wp\/v2\/pages\/2927\/revisions"}],"predecessor-version":[{"id":2942,"href":"https:\/\/logosonrisas.es\/index.php\/wp-json\/wp\/v2\/pages\/2927\/revisions\/2942"}],"wp:attachment":[{"href":"https:\/\/logosonrisas.es\/index.php\/wp-json\/wp\/v2\/media?parent=2927"}],"curies":[{"name":"wp","href":"https:\/\/api.w.org\/{rel}","templated":true}]}}